{"id":3352,"date":"2019-07-04T20:19:25","date_gmt":"2019-07-04T18:19:25","guid":{"rendered":"http:\/\/new.staq.de\/wordpress\/?page_id=3352"},"modified":"2019-08-22T08:48:28","modified_gmt":"2019-08-22T06:48:28","slug":"datenschutz","status":"publish","type":"page","link":"https:\/\/www.staq.de\/index.php\/datenschutz\/","title":{"rendered":"Datenschutz"},"content":{"rendered":"<div id='layer_slider_1'  class='avia-layerslider main_color avia-shadow  avia-builder-el-0  el_before_av_textblock  avia-builder-el-first  container_wrap sidebar_right'  style='height: 301px;'  ><\/div><div id='after_layer_slider_1'  class='main_color av_default_container_wrap container_wrap sidebar_right'  ><div class='container av-section-cont-open' ><div class='template-page content  av-content-small alpha units'><div class='post-entry post-entry-type-page post-entry-3352'><div class='entry-content-wrapper clearfix'>\n<section  class='av_textblock_section av-jxozv2np-ae4440411277ee5b2642371ec05cca39 '   itemscope=\"itemscope\" itemtype=\"https:\/\/schema.org\/CreativeWork\" ><div class='avia_textblock'  itemprop=\"text\" ><div>\n<p>AuditNr: A0002-k320-3-254 www.staq.de Datenschutzerklaerung<\/p>\n<p><a name=\"ds_top\"><\/a><\/p>\n<h1>Datenschutzerkl\u00e4rung der Webseite www.staq.de<\/h1>\n<h2>1. Einleitung<\/h2>\n<p>Bei jedem Webseitenbesuch erfolgt eine elektronische Datenverarbeitung. Auf dieser Seite erkl\u00e4ren wir Ihnen welche Daten wie verarbeitet werden.<\/p>\n<h2>2. Verantwortliche Stelle (Verantwortlicher)<\/h2>\n<p>STAQ Port Services GmbH &amp; Co. KG<br \/>\nAm Windhukkai 5<br \/>\n20457 Hamburg<br \/>\nKontaktdaten: siehe Impressum<\/p>\n<h2>3. Datenschutzbeauftragter<\/h2>\n<p><a href=\"http:\/\/www.hubit-datenschutz.de\/\"><img loading=\"lazy\" decoding=\"async\" class=\"alignnone wp-image-3516 size-full\" src=\"https:\/\/www.staq.de\/wp-content\/uploads\/2019\/08\/datenschutzerklaerung-k0-datenschutzbeauftragtern-hubit-datenschutz-bremen.png\" alt=\"HUBIT Datenschutz\" width=\"200\" height=\"72\" \/><\/a><\/p>\n<div>Ralf Lohmann<br \/>\n&#8211; externer &amp; gepr\u00fcfter Datenschutzbeauftragter &#8211;<\/p>\n<p>HUBIT Datenschutz<br \/>\nEmail: <a href=\"mailto:info@hubit.de\">info@hubit.de<\/a><br \/>\nWebseite: <a title=\"Datenschutzbeauftragter HUBIT Bremen\" href=\"https:\/\/www.hubit.de\/\">www.hubit-datenschutz.de<\/a><br \/>\nDatenschutz-Telefon: 0421-89830294<\/p>\n<\/div>\n<p><a name=\"allgemeine_information_datenschutz\"><\/a><\/p>\n<h2>4. Allgemeine Informationen zum Datenschutz<\/h2>\n<h3>Datenverarbeitung bei Webseitenaufrufen<\/h3>\n<p>Bei dem Aufruf einer Webseite werden automatisch eine Vielzahl von Daten &#8211; auch personenbezogene Daten &#8211; \u00fcber das Internet \u00fcbertragen. Dies ist aus technischer Sicht erforderlich, damit der Webseitenaufruf \u00fcberhaupt funktioniert und auch um Ihnen das bestm\u00f6gliche Ergebnis liefern zu k\u00f6nnen.<\/p>\n<p>Immer wenn Sie zum Beispiel eine Webseite aufrufen, ein Bild von einem Server abgerufen wird, ein externes Plugins (oder Skripts) geladen oder ein Video ge-stream-t wird oder eine der vielen anderen \u00fcbertragungsm\u00f6glichkeiten genutzt wird, werden von Ihrem Rechner Daten an den Server gesendet, von dem Sie diese abrufen. Bei dem Aufruf einer Webseite sendet Ihr Browser (z.B. Firefox, Internet Explorer, Edge, Opera, Safari) automatisch bestimmte Informationen von Ihrem System. Diese Daten sind beispielsweise:<\/p>\n<ul>\n<li>Webseite von der aus die Webseite oder eine Datei (Bild, Skript, Video) aufgerufen bzw. in der die Datei eingebunden ist (Referer)<\/li>\n<li>Betriebssystem<\/li>\n<li>Bildschirmaufl\u00f6sung<\/li>\n<li>Tastaturlayout (Sprache)<\/li>\n<li>IP-Adresse von der aus die Webseite bzw. Datei aufgerufen wurde<\/li>\n<li>Name der aufgerufenen Webseite bzw. Datei<\/li>\n<li>Zeitstempel (Datum und Uhrzeit) des Aufrufs<\/li>\n<li>Name des Browsers und seine Version<\/li>\n<li>\u00fcbertragene Datenmenge<\/li>\n<li>Zugriffsstatus (Datei \u00fcbertragen, Fehlercode)<\/li>\n<\/ul>\n<p>Diese Daten werden von jedem Server protokolliert. Die Protokollierung erfolgt beispielsweise zur<\/p>\n<ul>\n<li>Wahrung und \u00dcberpr\u00fcfung der IT-Sicherheit (z.B. zur Erkennung von Hackerangriffen) und IT-Betrieb<\/li>\n<li>statistische Auswertung (\u00fcber die Nutzung der Webseite)<\/li>\n<li>Verbesserung der Webseite<\/li>\n<li>angepassten Ausgabe der Webseite oder Dateien, so dass diese optimiert auf Ihrem Endger\u00e4t angezeigt werden (k\u00f6nnen)<\/li>\n<\/ul>\n<p>F\u00fcr Sicherheitsprotokolle wird keine Pseudonymisierung oder Anonymisierung eingesetzt, da dann kein R\u00fcckschluss auf potenzielle Angreifer m\u00f6glich w\u00e4re. In der Regel erfolgt die Auswertung der Daten f\u00fcr andere Zwecke anonymisiert und es wird auch keine Profilbildung betrieben. Weitere Informationen finden Sie im weiteren Verlauf dieser Datenschutzerkl\u00e4rung.<\/p>\n<h3>Betroffene Person<\/h3>\n<p>Die &#8222;Betroffene Person&#8220; (auch &#8222;Betroffener&#8220; genannt), ist die Person deren personenbezogene Daten erhoben und verarbeitet werden. Im Folgenden ist die &#8222;Betroffene Person&#8220; auch als &#8222;Webseitenbesucher&#8220; oder &#8222;User&#8220; benannt.<\/p>\n<div>\n<h3>Informationen zu Betroffenenrechten<\/h3>\n<p>Jeder Betroffene kann seine gegen\u00fcber dem Verantwortlichen seine Rechte (Betroffenenrechte) geltend machen. Dies kann als Email, per Post oder ein bereitgestelltes Formular erfolgen. Auch telefonische Anfragen sind m\u00f6glich. Jedoch werden telefonische Anfragen nur angenommen und nicht am Telefon beantwortet.Der Verantwortliche w\u00e4hlt das Medium (Post, Email, sonstige Medien) aus und schickt dem Betroffenen \u00fcber dieses Medium die Antwort auf seine Anfrage. Die Antworten auf Anfragen zu den Betroffenenrechten erfolgt kostenlos. Bei \u00fcberm\u00e4\u00dfiger Aus\u00fcbung (z.B. starke H\u00e4ufung) der Betroffenenrechte eine Geb\u00fchr erhoben werden. Die Antwort erfolgt innerhalb der gesetzlichen Frist von einem Monat. Die Frist kann in Ausnahmef\u00e4llen verl\u00e4ngert werden (z.B. hohe Anzahl von Anfragen oder hohe Komplexit\u00e4t der Anfrage). Die Fristverl\u00e4ngerung ist zu begr\u00fcnden.Im Folgenden sind die Betroffenenrechte aufgef\u00fchrt. Der \u00dcbersicht halber haben wir die Betroffenenrechte stichpunktartig notiert. Hinter jeder Aufz\u00e4hlung finden Sie einen Link zu ausf\u00fchrlichen Erkl\u00e4rungen (auf den Seiten von HUBIT-Datenschutz).<\/p>\n<ul>\n<li><a title=\"Recht auf Auskunft; EU DSGVO Betroffenenrechte Datenschutz\" href=\"https:\/\/www.hubit.de\/betroffenenrecht-eu-datenschutzgrundverordnung-eu-dsgvo\/#recht_auskunft\" target=\"_blank\" rel=\"noopener noreferrer\">Auskunftsrecht<\/a><\/li>\n<li><a title=\"Recht auf Berichtigung; EU DSGVO Betroffenenrechte Datenschutz\" href=\"https:\/\/www.hubit.de\/betroffenenrecht-eu-datenschutzgrundverordnung-eu-dsgvo\/#recht_berichtigung\" target=\"_blank\" rel=\"noopener noreferrer\">Recht auf Berichtigung<\/a><\/li>\n<li><a title=\"Recht auf L\u00f6schung; EU DSGVO Betroffenenrechte Datenschutz\" href=\"https:\/\/www.hubit.de\/betroffenenrecht-eu-datenschutzgrundverordnung-eu-dsgvo\/#recht_loeschung\" target=\"_blank\" rel=\"noopener noreferrer\">Recht auf L\u00f6schung<\/a><\/li>\n<li><a title=\"Einschr\u00e4nkung der Verarbeitung; EU DSGVO Betroffenenrechte Datenschutz\" href=\"https:\/\/www.hubit.de\/betroffenenrecht-eu-datenschutzgrundverordnung-eu-dsgvo\/#recht_einschraenkung\" target=\"_blank\" rel=\"noopener noreferrer\">Einschr\u00e4nkung der Verarbeitung<\/a><\/li>\n<li><a title=\"Recht auf Daten\u00fcbertragbarkeit; EU DSGVO Betroffenenrechte Datenschutz\" href=\"https:\/\/www.hubit.de\/betroffenenrecht-eu-datenschutzgrundverordnung-eu-dsgvo\/#recht_datenuebertragbarkeit\" target=\"_blank\" rel=\"noopener noreferrer\">Recht auf Daten\u00fcbertragbarkeit<\/a><\/li>\n<li><a title=\"Widerruf der Einwilligung; EU DSGVO Betroffenenrechte Datenschutz\" href=\"https:\/\/www.hubit.de\/betroffenenrecht-eu-datenschutzgrundverordnung-eu-dsgvo\/#recht_widerruf\" target=\"_blank\" rel=\"noopener noreferrer\">Widerruf der Einwilligung<\/a><\/li>\n<li><a title=\"Widerspruchsrecht; EU DSGVO Betroffenenrechte Datenschutz\" href=\"https:\/\/www.hubit.de\/betroffenenrecht-eu-datenschutzgrundverordnung-eu-dsgvo\/#recht_widerspruch\" target=\"_blank\" rel=\"noopener noreferrer\">Widerspruchsrecht<\/a><\/li>\n<li><a title=\"Beschwerderecht; EU DSGVO Betroffenenrechte Datenschutz\" href=\"https:\/\/www.hubit.de\/betroffenenrecht-eu-datenschutzgrundverordnung-eu-dsgvo\/#recht_beschwerde\" target=\"_blank\" rel=\"noopener noreferrer\">Beschwerderecht<\/a><\/li>\n<\/ul>\n<p>Der Betroffene muss sich gegen\u00fcber dem Verantwortlichen Authentifizieren, damit sichergestellt ist, dass er zur Aus\u00fcbung der Betroffenenrechte legitimiert ist.<\/p>\n<p>Auf der Seite von HUBIT-Datenschutz finden Sie ein Formular, \u00fcber welches Sie Ihre Betroffenenrechte bei uns aus\u00fcben k\u00f6nnen. <a title=\"Formular zur Aus\u00fcbung von Betroffenenrechten\" href=\"https:\/\/www.hubit.de\/formular-fuer-betroffenenrechte\/\" target=\"_blank\" rel=\"noopener noreferrer\">Formular zur Aus\u00fcbung von Betroffenenrechten<\/a><\/p>\n<\/div>\n<p><a name=\"cookies\"><\/a><\/p>\n<h2>5. Cookies<\/h2>\n<p>Wir haben auf unserer Webseite auf den Einsatz von Cookies verzichtet.<\/p>\n<p><a name=\"verschlusselungderwebseite\"><\/a><\/p>\n<h2>6. Verschl\u00fcsselung der Webseite<\/h2>\n<p>Alle Webseiten werden unverschl\u00fcsselt \u00fcbertragen.<\/p>\n<p><a name=\"formulare\"><\/a><\/p>\n<h2>8. Formulare<\/h2>\n<p>Datensparsamkeit ist ein Ziel der EU Datenschutzgrundverordnung. Damit wird diesem Ziel gerecht werden und Ihre Daten einen gr\u00f6\u00dftm\u00f6glichen Schutz haben, haben wir auf Formulare (z.B. Kontaktformular, Bewerberformular, Newsletter-Formular) verzichtet. Sie k\u00f6nnen mit uns \u00fcber andere Kan\u00e4le (z.B. Telefon, Email) in Kontakt treten.<\/p>\n<p><a name=\"statistiktools\"><\/a><\/p>\n<h2>9. Statistik-Tools<\/h2>\n<p>Wir haben auf den Einsatz von Statistik-Tools verzichtet.<\/p>\n<p><a name=\"weiteredatenverarbeitungen\"><\/a><\/p>\n<h2>12. Weitere Datenverarbeitungen<\/h2>\n<h2>Sonstiges<\/h2>\n<p>\u00dcber die Archivfunktion von Suchmaschinen sind die Daten zudem h\u00e4ufig auch dann noch abrufbar, wenn die Angaben aus den oben genannten Internet-Angeboten bereits entfernt oder ge\u00e4ndert wurden.<\/p>\n<p>Datenschutzerkl\u00e4rung wurde erstellt durch <a href=\"https:\/\/www.hubit.de\">HUBIT-Datenschutz.<\/a><\/p>\n<\/div>\n<\/div><\/section>\n","protected":false},"excerpt":{"rendered":"","protected":false},"author":1,"featured_media":0,"parent":0,"menu_order":0,"comment_status":"closed","ping_status":"closed","template":"","meta":{"footnotes":""},"class_list":["post-3352","page","type-page","status-publish","hentry"],"_links":{"self":[{"href":"https:\/\/www.staq.de\/index.php\/wp-json\/wp\/v2\/pages\/3352","targetHints":{"allow":["GET"]}}],"collection":[{"href":"https:\/\/www.staq.de\/index.php\/wp-json\/wp\/v2\/pages"}],"about":[{"href":"https:\/\/www.staq.de\/index.php\/wp-json\/wp\/v2\/types\/page"}],"author":[{"embeddable":true,"href":"https:\/\/www.staq.de\/index.php\/wp-json\/wp\/v2\/users\/1"}],"replies":[{"embeddable":true,"href":"https:\/\/www.staq.de\/index.php\/wp-json\/wp\/v2\/comments?post=3352"}],"version-history":[{"count":5,"href":"https:\/\/www.staq.de\/index.php\/wp-json\/wp\/v2\/pages\/3352\/revisions"}],"predecessor-version":[{"id":3552,"href":"https:\/\/www.staq.de\/index.php\/wp-json\/wp\/v2\/pages\/3352\/revisions\/3552"}],"wp:attachment":[{"href":"https:\/\/www.staq.de\/index.php\/wp-json\/wp\/v2\/media?parent=3352"}],"curies":[{"name":"wp","href":"https:\/\/api.w.org\/{rel}","templated":true}]}}