{"id":734,"date":"2013-04-01T15:37:54","date_gmt":"2013-04-01T15:37:54","guid":{"rendered":"http:\/\/www.kriesi.at\/themes\/enfold\/?page_id=734"},"modified":"2026-02-26T19:35:05","modified_gmt":"2026-02-26T18:35:05","slug":"homepage","status":"publish","type":"page","link":"https:\/\/www.staq.de\/","title":{"rendered":"Startseite"},"content":{"rendered":"<div id='layer_slider_1'  class='avia-layerslider main_color avia-shadow  avia-builder-el-0  el_before_av_one_third  avia-builder-el-first  container_wrap sidebar_right'  style='height: 401px; max-width: 1280px; margin: 0 auto;'  ><\/div><div id='after_layer_slider_1'  class='main_color av_default_container_wrap container_wrap sidebar_right'  ><div class='container av-section-cont-open' ><div class='template-page content  av-content-small alpha units'><div class='post-entry post-entry-type-page post-entry-734'><div class='entry-content-wrapper clearfix'>\n<div  class='flex_column av-6jzzi6-48e4f4f83b352d81843975462de05068 av_one_third  avia-builder-el-1  el_after_av_layerslider  el_before_av_one_third  avia-builder-el-first  first flex_column_div  '     ><article  class='iconbox iconbox_left av-6do5ce-732a1e0d75458cf811d4b46ac87de659  avia-builder-el-2  avia-builder-el-no-sibling '  itemscope=\"itemscope\" itemtype=\"https:\/\/schema.org\/CreativeWork\" ><div class=\"iconbox_content\"><header class=\"entry-content-header\" aria-label=\"Icon:  Wer sind wir\"><div class=\"iconbox_icon heading-color\" aria-hidden='true' data-av_icon='\ue80b' data-av_iconfont='entypo-fontello'><\/div><h3 class='iconbox_content_title '  itemprop=\"headline\" > Wer sind wir<\/h3><\/header><div class='iconbox_content_container '  itemprop=\"text\" ><p><span class=\"st\">Wir sind ein Dienstleistungsunternehmen im Bereich der Hafenlogistik und zeichnen uns durch langj\u00e4hrige Erfahrung und umfassendes Know-How aus.<\/span><\/p>\n<\/div><\/div><footer class=\"entry-footer\"><\/footer><\/article><\/div>\n\n<style type=\"text\/css\" data-created_by=\"avia_inline_auto\" id=\"style-css-av-67dt72-1c10999dae7b9c8dc914ef9389faf248\">\n.flex_column.av-67dt72-1c10999dae7b9c8dc914ef9389faf248{\nborder-radius:0px 0px 0px 0px;\npadding:0px 0px 0px 0px;\n}\n<\/style>\n<div  class='flex_column av-67dt72-1c10999dae7b9c8dc914ef9389faf248 av_one_third  avia-builder-el-3  el_after_av_one_third  el_before_av_one_third  flex_column_div av-zero-column-padding  '     ><article  class='iconbox iconbox_left av-61rcm6-731a6464560bd1f1020208b906480aab  avia-builder-el-4  avia-builder-el-no-sibling '  itemscope=\"itemscope\" itemtype=\"https:\/\/schema.org\/CreativeWork\" ><div class=\"iconbox_content\"><header class=\"entry-content-header\" aria-label=\"Icon: Was machen wir\"><div class=\"iconbox_icon heading-color\" aria-hidden='true' data-av_icon='\ue864' data-av_iconfont='entypo-fontello'><\/div><h3 class='iconbox_content_title '  itemprop=\"headline\" >Was machen wir<\/h3><\/header><div class='iconbox_content_container '  itemprop=\"text\" ><p>Wir bieten hafenspezifische Dienstleistungen im Stauerei-Segment an und stellen qualifiziertes Fachpersonal im Rahmen der Arbeitnehmer\u00fcberlassung zur Verf\u00fcgung.<\/p>\n<\/div><\/div><footer class=\"entry-footer\"><\/footer><\/article><\/div>\n\n<style type=\"text\/css\" data-created_by=\"avia_inline_auto\" id=\"style-css-av-24gvq-0a356aad72ec3b2923a123bad61d517a\">\n.flex_column.av-24gvq-0a356aad72ec3b2923a123bad61d517a{\nborder-radius:0px 0px 0px 0px;\npadding:0px 0px 0px 0px;\n}\n<\/style>\n<div  class='flex_column av-24gvq-0a356aad72ec3b2923a123bad61d517a av_one_third  avia-builder-el-5  el_after_av_one_third  el_before_av_section  avia-builder-el-last  flex_column_div av-zero-column-padding  '     ><article  class='iconbox iconbox_left av-5rbnxa-8fc5ba218d4abf6d44e9e4ddaf472792  avia-builder-el-6  avia-builder-el-no-sibling '  itemscope=\"itemscope\" itemtype=\"https:\/\/schema.org\/CreativeWork\" ><div class=\"iconbox_content\"><header class=\"entry-content-header\" aria-label=\"Icon: So erreichen Sie uns\"><div class=\"iconbox_icon heading-color\" aria-hidden='true' data-av_icon='\ue842' data-av_iconfont='entypo-fontello'><\/div><h3 class='iconbox_content_title '  itemprop=\"headline\" >So erreichen Sie uns<\/h3><\/header><div class='iconbox_content_container '  itemprop=\"text\" ><p>Sie finden uns direkt im Herzen des Hamburger Hafens (siehe \u201e<a href=\"https:\/\/www.staq.de\/index.php\/impressum\/\">Impressum<\/a>\u201c).<\/p>\n<\/div><\/div><footer class=\"entry-footer\"><\/footer><\/article><\/div>\n<\/div><\/div><\/div><!-- close content main div --><\/div><\/div><div id='av_section_1'  class='avia-section av-5idpna-4821529794eff538cc1112cded40b744 alternate_color avia-section-large avia-shadow  avia-builder-el-7  el_after_av_one_third  el_before_av_heading  avia-bg-style-scroll container_wrap sidebar_right'  ><div class='container av-section-cont-open' ><div class='template-page content  av-content-small alpha units'><div class='post-entry post-entry-type-page post-entry-734'><div class='entry-content-wrapper clearfix'>\n<div  class='flex_column av-5d6wc6-b37df04164157ea316787abd111e9b59 av_one_half  avia-builder-el-8  el_before_av_one_half  avia-builder-el-first  first flex_column_div  '     ><p>\n<style type=\"text\/css\" data-created_by=\"avia_inline_auto\" id=\"style-css-av-jysokbul-dd6ebd0203f91e6e31d5184378c2845b\">\n#top .av-special-heading.av-jysokbul-dd6ebd0203f91e6e31d5184378c2845b{\npadding-bottom:50px;\n}\nbody .av-special-heading.av-jysokbul-dd6ebd0203f91e6e31d5184378c2845b .av-special-heading-tag .heading-char{\nfont-size:25px;\n}\n.av-special-heading.av-jysokbul-dd6ebd0203f91e6e31d5184378c2845b .av-subheading{\nfont-size:15px;\n}\n<\/style>\n<div  class='av-special-heading av-jysokbul-dd6ebd0203f91e6e31d5184378c2845b av-special-heading-h1 blockquote modern-quote  avia-builder-el-9  el_before_av_textblock  avia-builder-el-first  av-linked-heading'><h1 class='av-special-heading-tag '  itemprop=\"headline\"  >\u00dcber STAQ Port Services<\/h1><div class=\"special-heading-border\"><div class=\"special-heading-inner-border\"><\/div><\/div><\/div><br \/>\n<section  class='av_textblock_section av-4ulhkm-b31316fafddb836adb40807d121d9c36 '   itemscope=\"itemscope\" itemtype=\"https:\/\/schema.org\/CreativeWork\" ><div class='avia_textblock'  itemprop=\"text\" ><p>Das Unternehmen STAQ Port Services ist ein im Hamburger Hafen ans\u00e4ssiges Dienstleistungsunternehmen. Im inhabergef\u00fchrten Unternehmen stehen die Mitarbeiter im Fokus. Die Mitarbeiter bei STAQ besitzen langj\u00e4hrige Erfahrung und umfangreiches Fachwissen in diesem Segment. Durch das famili\u00e4re Klima im Betrieb ist ein exzellentes Team aus Jung und Alt gewachsen, das in allen Situationen Hand in Hand zusammenarbeitet.<\/p>\n<p>Wir w\u00fcrden uns freuen, Sie von unserer Qualit\u00e4t und unserem Know-How \u00fcberzeugen zu d\u00fcrfen.<\/p>\n<p>Ihr STAQ Team<\/p>\n<\/div><\/section><\/p><\/div><div  class='flex_column av-4dx4x2-bb75753831839bbf195ac3e560f82f1b av_one_half  avia-builder-el-11  el_after_av_one_half  avia-builder-el-last  flex_column_div  '     ><style type=\"text\/css\" data-created_by=\"avia_inline_auto\" id=\"style-css-av-f9csu-4c343d59b36b8ee745891ea7a5f9e216\">\n#top .avia-icon-list-container.av-f9csu-4c343d59b36b8ee745891ea7a5f9e216 .iconlist_icon{\ncolor:#394413;\nbackground-color:#ffffff;\n}\n<\/style>\n<div  class='avia-icon-list-container av-f9csu-4c343d59b36b8ee745891ea7a5f9e216  avia-builder-el-12  avia-builder-el-no-sibling '><ul class='avia-icon-list avia_animate_when_almost_visible avia-icon-list-left av-iconlist-big av-f9csu-4c343d59b36b8ee745891ea7a5f9e216 avia-iconlist-animate'>\n<li><div class='iconlist_icon av-10nz32-78df42a83f396e3182b02353defe50a2 avia-font-entypo-fontello'><span class='iconlist-char' aria-hidden='true' data-av_icon='\ue826' data-av_iconfont='entypo-fontello'><\/span><\/div><article class=\"article-icon-entry av-iconlist-empty\"  itemscope=\"itemscope\" itemtype=\"https:\/\/schema.org\/CreativeWork\" ><div class=\"iconlist_content_wrap\"><header class=\"entry-content-header\" aria-label=\"Icon: Stauerei\"><h4 class='av_iconlist_title iconlist_title  '  itemprop=\"headline\" >Stauerei<\/h4><\/header><div class='iconlist_content '  itemprop=\"text\" ><\/div><\/div><footer class=\"entry-footer\"><\/footer><\/article><div class=\"iconlist-timeline\"><\/div><\/li>\n<li><div class='iconlist_icon av-wu44e-a322ec876c1ed4c073956104014392d4 avia-font-entypo-fontello'><span class='iconlist-char' aria-hidden='true' data-av_icon='\ue824' data-av_iconfont='entypo-fontello'><\/span><\/div><article class=\"article-icon-entry av-iconlist-empty\"  itemscope=\"itemscope\" itemtype=\"https:\/\/schema.org\/CreativeWork\" ><div class=\"iconlist_content_wrap\"><header class=\"entry-content-header\" aria-label=\"Icon: Ladungssicherung\"><h4 class='av_iconlist_title iconlist_title  '  itemprop=\"headline\" >Ladungssicherung<\/h4><\/header><div class='iconlist_content '  itemprop=\"text\" ><\/div><\/div><footer class=\"entry-footer\"><\/footer><\/article><div class=\"iconlist-timeline\"><\/div><\/li>\n<li><div class='iconlist_icon av-oi3yu-e83dceb2e2d510be6e6d37ba46fa2917 avia-font-entypo-fontello'><span class='iconlist-char' aria-hidden='true' data-av_icon='\ue803' data-av_iconfont='entypo-fontello'><\/span><\/div><article class=\"article-icon-entry av-iconlist-empty\"  itemscope=\"itemscope\" itemtype=\"https:\/\/schema.org\/CreativeWork\" ><div class=\"iconlist_content_wrap\"><header class=\"entry-content-header\" aria-label=\"Icon: Ladungskontrolle (Tally)\"><h4 class='av_iconlist_title iconlist_title  '  itemprop=\"headline\" >Ladungskontrolle (Tally)<\/h4><\/header><div class='iconlist_content '  itemprop=\"text\" ><\/div><\/div><footer class=\"entry-footer\"><\/footer><\/article><div class=\"iconlist-timeline\"><\/div><\/li>\n<li><div class='iconlist_icon av-iy11a-23fdc4c8c11c4e3370ae106a25c45e94 avia-font-entypo-fontello'><span class='iconlist-char' aria-hidden='true' data-av_icon='\ue8d2' data-av_iconfont='entypo-fontello'><\/span><\/div><article class=\"article-icon-entry av-iconlist-empty\"  itemscope=\"itemscope\" itemtype=\"https:\/\/schema.org\/CreativeWork\" ><div class=\"iconlist_content_wrap\"><header class=\"entry-content-header\" aria-label=\"Icon: Survey\"><h4 class='av_iconlist_title iconlist_title  '  itemprop=\"headline\" >Survey<\/h4><\/header><div class='iconlist_content '  itemprop=\"text\" ><\/div><\/div><footer class=\"entry-footer\"><\/footer><\/article><div class=\"iconlist-timeline\"><\/div><\/li>\n<li><div class='iconlist_icon av-gxaza-605f3b2688c6f5b9a46eb60a8b09a922 avia-font-entypo-fontello'><span class='iconlist-char' aria-hidden='true' data-av_icon='\ue8df' data-av_iconfont='entypo-fontello'><\/span><\/div><article class=\"article-icon-entry av-iconlist-empty\"  itemscope=\"itemscope\" itemtype=\"https:\/\/schema.org\/CreativeWork\" ><div class=\"iconlist_content_wrap\"><header class=\"entry-content-header\" aria-label=\"Icon: Containerpacken\"><h4 class='av_iconlist_title iconlist_title  '  itemprop=\"headline\" >Containerpacken<\/h4><\/header><div class='iconlist_content '  itemprop=\"text\" ><\/div><\/div><footer class=\"entry-footer\"><\/footer><\/article><div class=\"iconlist-timeline\"><\/div><\/li>\n<li><div class='iconlist_icon av-8xjeu-8f2845c9b5fed51dd617af3198b4315d avia-font-entypo-fontello'><span class='iconlist-char' aria-hidden='true' data-av_icon='\ue80c' data-av_iconfont='entypo-fontello'><\/span><\/div><article class=\"article-icon-entry av-iconlist-empty\"  itemscope=\"itemscope\" itemtype=\"https:\/\/schema.org\/CreativeWork\" ><div class=\"iconlist_content_wrap\"><header class=\"entry-content-header\" aria-label=\"Icon: Arbeitnehmer\u00fcberlassung\"><h4 class='av_iconlist_title iconlist_title  '  itemprop=\"headline\" >Arbeitnehmer\u00fcberlassung<\/h4><\/header><div class='iconlist_content '  itemprop=\"text\" ><\/div><\/div><footer class=\"entry-footer\"><\/footer><\/article><div class=\"iconlist-timeline\"><\/div><\/li>\n<li><div class='iconlist_icon av-lsm9qlns-366375bfd7633a5c3fcbd2a78c9945f3 avia-font-entypo-fontello'><span class='iconlist-char' aria-hidden='true' data-av_icon='\ue845' data-av_iconfont='entypo-fontello'><\/span><\/div><article class=\"article-icon-entry av-iconlist-empty\"  itemscope=\"itemscope\" itemtype=\"https:\/\/schema.org\/CreativeWork\" ><div class=\"iconlist_content_wrap\"><header class=\"entry-content-header\" aria-label=\"Icon: Werkslogistik\"><h4 class='av_iconlist_title iconlist_title  '  itemprop=\"headline\" >Werkslogistik<\/h4><\/header><div class='iconlist_content '  itemprop=\"text\" ><\/div><\/div><footer class=\"entry-footer\"><\/footer><\/article><div class=\"iconlist-timeline\"><\/div><\/li>\n<\/ul><\/div><\/div>\n<\/div><\/div><\/div><!-- close content main div --><\/div><\/div><div id='after_section_1'  class='main_color av_default_container_wrap container_wrap sidebar_right'  ><div class='container av-section-cont-open' ><div class='template-page content  av-content-small alpha units'><div class='post-entry post-entry-type-page post-entry-734'><div class='entry-content-wrapper clearfix'>\n\n<style type=\"text\/css\" data-created_by=\"avia_inline_auto\" id=\"style-css-av-npym-40d93ec39bafae2e413f4f33a33ca20c\">\n#top .av-special-heading.av-npym-40d93ec39bafae2e413f4f33a33ca20c{\npadding-bottom:20px;\n}\nbody .av-special-heading.av-npym-40d93ec39bafae2e413f4f33a33ca20c .av-special-heading-tag .heading-char{\nfont-size:25px;\n}\n.av-special-heading.av-npym-40d93ec39bafae2e413f4f33a33ca20c .av-subheading{\nfont-size:15px;\n}\n<\/style>\n<div  class='av-special-heading av-npym-40d93ec39bafae2e413f4f33a33ca20c av-special-heading-h2 blockquote modern-quote modern-centered  avia-builder-el-13  el_after_av_section  el_before_av_one_third  avia-builder-el-first  av-linked-heading'><h2 class='av-special-heading-tag '  itemprop=\"headline\"  >Zertifizierungen und Mitgliedschaften<\/h2><div class=\"special-heading-border\"><div class=\"special-heading-inner-border\"><\/div><\/div><\/div>\n\n<style type=\"text\/css\" data-created_by=\"avia_inline_auto\" id=\"style-css-av-j1abi-7d60eb6e277d04bce499d95a905db98a\">\n.flex_column.av-j1abi-7d60eb6e277d04bce499d95a905db98a{\nborder-radius:0px 0px 0px 0px;\npadding:0px 0px 0px 0px;\n}\n<\/style>\n<div  class='flex_column av-j1abi-7d60eb6e277d04bce499d95a905db98a av_one_third  avia-builder-el-14  el_after_av_heading  el_before_av_one_third  first flex_column_div av-zero-column-padding  '     ><p>\n<style type=\"text\/css\" data-created_by=\"avia_inline_auto\" id=\"style-css-av-jxku1xpm-0a7ec3132da0f40a2f5dcaa2c09ad1ca\">\n.avia-image-container.av-jxku1xpm-0a7ec3132da0f40a2f5dcaa2c09ad1ca img.avia_image{\nbox-shadow:none;\n}\n.avia-image-container.av-jxku1xpm-0a7ec3132da0f40a2f5dcaa2c09ad1ca .av-image-caption-overlay-center{\ncolor:#ffffff;\n}\n<\/style>\n<div  class='avia-image-container av-jxku1xpm-0a7ec3132da0f40a2f5dcaa2c09ad1ca av-styling- av-hover-grow av-img-linked avia-align-center  avia-builder-el-15  el_before_av_image  avia-builder-el-first '   itemprop=\"image\" itemscope=\"itemscope\" itemtype=\"https:\/\/schema.org\/ImageObject\" ><div class=\"avia-image-container-inner\"><div class=\"avia-image-overlay-wrap\"><a href=\"https:\/\/www.dnv.de\/services\/iso-45001-sicherheit-und-gesundheit-bei-der-arbeit-104753\" class='avia_image '  target=\"_blank\"  rel=\"noopener noreferrer\" aria-label='ISO_45001_COL_RGB_120x120px'><img decoding=\"async\" fetchpriority=\"high\" class='wp-image-3799 avia-img-lazy-loading-not-3799 avia_image ' src=\"https:\/\/www.staq.de\/wp-content\/uploads\/2021\/11\/ISO_45001_COL_RGB_120x120px.png\" alt='' title='ISO_45001_COL_RGB_120x120px'  height=\"120\" width=\"120\"  itemprop=\"thumbnailUrl\" srcset=\"https:\/\/www.staq.de\/wp-content\/uploads\/2021\/11\/ISO_45001_COL_RGB_120x120px.png 120w, https:\/\/www.staq.de\/wp-content\/uploads\/2021\/11\/ISO_45001_COL_RGB_120x120px-80x80.png 80w, https:\/\/www.staq.de\/wp-content\/uploads\/2021\/11\/ISO_45001_COL_RGB_120x120px-36x36.png 36w\" sizes=\"(max-width: 120px) 100vw, 120px\" \/><\/a><\/div><\/div><\/div><br \/>\n\n<style type=\"text\/css\" data-created_by=\"avia_inline_auto\" id=\"style-css-av-b176e-ef2c69be1c94201be23c3a5a40fe824c\">\n.avia-image-container.av-b176e-ef2c69be1c94201be23c3a5a40fe824c img.avia_image{\nbox-shadow:none;\n}\n.avia-image-container.av-b176e-ef2c69be1c94201be23c3a5a40fe824c .av-image-caption-overlay-center{\ncolor:#ffffff;\n}\n<\/style>\n<div  class='avia-image-container av-b176e-ef2c69be1c94201be23c3a5a40fe824c av-styling- av-hover-grow av-img-linked avia-align-center  avia-builder-el-16  el_after_av_image  avia-builder-el-last '   itemprop=\"image\" itemscope=\"itemscope\" itemtype=\"https:\/\/schema.org\/ImageObject\" ><div class=\"avia-image-container-inner\"><div class=\"avia-image-overlay-wrap\"><a href=\"https:\/\/www.dnvgl.de\/services\/iso-45001-arbeits-gesundheitsschutz-aktuelles-zum-neuen-standard-104753\" class='avia_image '  target=\"_blank\"  rel=\"noopener noreferrer\" ><img decoding=\"async\" fetchpriority=\"high\" class='wp-image- avia-img-lazy-loading-not- avia_image ' src=\"https:\/\/www.staq.de\/wp-content\/uploads\/2021\/11\/ISO_45001_COL_RGB_150x145px.png\" alt='' title=''   itemprop=\"thumbnailUrl\"  \/><\/a><\/div><\/div><\/div><\/p><\/div>\n\n<style type=\"text\/css\" data-created_by=\"avia_inline_auto\" id=\"style-css-av-d3kna-8e4c645c3a15715eda1d088bb057d30d\">\n.flex_column.av-d3kna-8e4c645c3a15715eda1d088bb057d30d{\nborder-radius:0px 0px 0px 0px;\npadding:0px 0px 0px 0px;\n}\n<\/style>\n<div  class='flex_column av-d3kna-8e4c645c3a15715eda1d088bb057d30d av_one_third  avia-builder-el-17  el_after_av_one_third  el_before_av_one_third  flex_column_div av-zero-column-padding  '     ><style type=\"text\/css\" data-created_by=\"avia_inline_auto\" id=\"style-css-av-jxku16te-f0b1885afa39c1d9222ead280e8be300\">\n.avia-image-container.av-jxku16te-f0b1885afa39c1d9222ead280e8be300 img.avia_image{\nbox-shadow:none;\n}\n.avia-image-container.av-jxku16te-f0b1885afa39c1d9222ead280e8be300 .av-image-caption-overlay-center{\ncolor:#ffffff;\n}\n<\/style>\n<div  class='avia-image-container av-jxku16te-f0b1885afa39c1d9222ead280e8be300 av-styling- av-hover-grow av-img-linked avia-align-center  avia-builder-el-18  avia-builder-el-no-sibling '   itemprop=\"image\" itemscope=\"itemscope\" itemtype=\"https:\/\/schema.org\/ImageObject\" ><div class=\"avia-image-container-inner\"><div class=\"avia-image-overlay-wrap\"><a href=\"https:\/\/www.bghw.de\/\" class='avia_image '  target=\"_blank\"  rel=\"noopener noreferrer\" aria-label='Sicher-mit-System-2027'><img decoding=\"async\" fetchpriority=\"high\" class='wp-image-4250 avia-img-lazy-loading-not-4250 avia_image ' src=\"https:\/\/www.staq.de\/wp-content\/uploads\/2024\/02\/Sicher-mit-System-2027.png\" alt='' title='Sicher-mit-System-2027'  height=\"120\" width=\"120\"  itemprop=\"thumbnailUrl\" srcset=\"https:\/\/www.staq.de\/wp-content\/uploads\/2024\/02\/Sicher-mit-System-2027.png 120w, https:\/\/www.staq.de\/wp-content\/uploads\/2024\/02\/Sicher-mit-System-2027-80x80.png 80w, https:\/\/www.staq.de\/wp-content\/uploads\/2024\/02\/Sicher-mit-System-2027-36x36.png 36w\" sizes=\"(max-width: 120px) 100vw, 120px\" \/><\/a><\/div><\/div><\/div><\/div>\n\n<style type=\"text\/css\" data-created_by=\"avia_inline_auto\" id=\"style-css-av-qymp2-790a091a2efd17d96b2cf3ee2bfb9532\">\n.flex_column.av-qymp2-790a091a2efd17d96b2cf3ee2bfb9532{\nborder-radius:0 0 0 0;\npadding:0px 0px 0px 0px;\n}\n<\/style>\n<div  class='flex_column av-qymp2-790a091a2efd17d96b2cf3ee2bfb9532 av_one_third  avia-builder-el-19  el_after_av_one_third  el_before_av_hr  flex_column_div  '     ><style type=\"text\/css\" data-created_by=\"avia_inline_auto\" id=\"style-css-av-jxku1xpm-4-34fd4f95a4fe1c0b78f7c11fa86fb9a1\">\n.avia-image-container.av-jxku1xpm-4-34fd4f95a4fe1c0b78f7c11fa86fb9a1 img.avia_image{\nbox-shadow:none;\n}\n.avia-image-container.av-jxku1xpm-4-34fd4f95a4fe1c0b78f7c11fa86fb9a1 .av-image-caption-overlay-center{\ncolor:#ffffff;\n}\n<\/style>\n<div  class='avia-image-container av-jxku1xpm-4-34fd4f95a4fe1c0b78f7c11fa86fb9a1 av-styling- av-hover-grow av-img-linked avia-align-center  avia-builder-el-20  avia-builder-el-no-sibling '   itemprop=\"image\" itemscope=\"itemscope\" itemtype=\"https:\/\/schema.org\/ImageObject\" ><div class=\"avia-image-container-inner\"><div class=\"avia-image-overlay-wrap\"><a href=\"https:\/\/www.hk24.de\/\" class='avia_image '  target=\"_blank\"  rel=\"noopener noreferrer\" aria-label='Handelskammer_Ausbildungszertifikat 2026'><img decoding=\"async\" fetchpriority=\"high\" class='wp-image-150399 avia-img-lazy-loading-not-150399 avia_image ' src=\"https:\/\/www.staq.de\/wp-content\/uploads\/2026\/02\/Handelskammer_Ausbildungszertifikat-2026.jpeg\" alt='' title='Handelskammer_Ausbildungszertifikat 2026'  height=\"120\" width=\"213\"  itemprop=\"thumbnailUrl\"  \/><\/a><\/div><\/div><\/div><\/div><div  class='hr av-71wzy-90b023b6ea49779718391507e4111e21 hr-default  avia-builder-el-21  el_after_av_one_third  el_before_av_one_third '><span class='hr-inner '><span class=\"hr-inner-style\"><\/span><\/span><\/div><\/p>\n\n<style type=\"text\/css\" data-created_by=\"avia_inline_auto\" id=\"style-css-av-e6k72-ee485676a1f863bd9dface1964d6ed65\">\n.flex_column.av-e6k72-ee485676a1f863bd9dface1964d6ed65{\nborder-radius:0px 0px 0px 0px;\npadding:0px 0px 0px 0px;\n}\n<\/style>\n<div  class='flex_column av-e6k72-ee485676a1f863bd9dface1964d6ed65 av_one_third  avia-builder-el-22  el_after_av_hr  el_before_av_one_third  first flex_column_div av-zero-column-padding  '     ><style type=\"text\/css\" data-created_by=\"avia_inline_auto\" id=\"style-css-av-jxku1xpm-3-2f0fed5522c88e730996aebe8ef5c1f4\">\n.avia-image-container.av-jxku1xpm-3-2f0fed5522c88e730996aebe8ef5c1f4 img.avia_image{\nbox-shadow:none;\n}\n.avia-image-container.av-jxku1xpm-3-2f0fed5522c88e730996aebe8ef5c1f4 .av-image-caption-overlay-center{\ncolor:#ffffff;\n}\n<\/style>\n<div  class='avia-image-container av-jxku1xpm-3-2f0fed5522c88e730996aebe8ef5c1f4 av-styling- av-hover-grow av-img-linked avia-align-center  avia-builder-el-23  avia-builder-el-no-sibling '   itemprop=\"image\" itemscope=\"itemscope\" itemtype=\"https:\/\/schema.org\/ImageObject\" ><div class=\"avia-image-container-inner\"><div class=\"avia-image-overlay-wrap\"><a href=\"https:\/\/www.hafen-hamburg.de\/\" class='avia_image '  target=\"_blank\"  rel=\"noopener noreferrer\" aria-label='POHH_M_Logo_RGB'><img decoding=\"async\" fetchpriority=\"high\" class='wp-image-3607 avia-img-lazy-loading-not-3607 avia_image ' src=\"https:\/\/www.staq.de\/wp-content\/uploads\/2020\/11\/POHH_M_Logo_RGB-2.png\" alt='' title='POHH_M_Logo_RGB'  height=\"111\" width=\"150\"  itemprop=\"thumbnailUrl\"  \/><\/a><\/div><\/div><\/div><\/div>\n\n<style type=\"text\/css\" data-created_by=\"avia_inline_auto\" id=\"style-css-av-b0g66-64fedae3801e362b7cc1534020fe6e55\">\n.flex_column.av-b0g66-64fedae3801e362b7cc1534020fe6e55{\nborder-radius:0px 0px 0px 0px;\npadding:0px 0px 0px 0px;\n}\n<\/style>\n<div  class='flex_column av-b0g66-64fedae3801e362b7cc1534020fe6e55 av_one_third  avia-builder-el-24  el_after_av_one_third  el_before_av_one_third  flex_column_div av-zero-column-padding  '     ><style type=\"text\/css\" data-created_by=\"avia_inline_auto\" id=\"style-css-av-jxku1xpm-2-74d8a6f38e366e51cd452d46a02edf78\">\n.avia-image-container.av-jxku1xpm-2-74d8a6f38e366e51cd452d46a02edf78 img.avia_image{\nbox-shadow:none;\n}\n.avia-image-container.av-jxku1xpm-2-74d8a6f38e366e51cd452d46a02edf78 .av-image-caption-overlay-center{\ncolor:#ffffff;\n}\n<\/style>\n<div  class='avia-image-container av-jxku1xpm-2-74d8a6f38e366e51cd452d46a02edf78 av-styling- av-hover-grow av-img-linked avia-align-center  avia-builder-el-25  avia-builder-el-no-sibling '   itemprop=\"image\" itemscope=\"itemscope\" itemtype=\"https:\/\/schema.org\/ImageObject\" ><div class=\"avia-image-container-inner\"><div class=\"avia-image-overlay-wrap\"><a href=\"https:\/\/www.personaldienstleister.de\/\" class='avia_image '  target=\"_blank\"  rel=\"noopener noreferrer\" aria-label='GVP-Logo_Mitglied_RGB_weiss_klein Kopie'><img decoding=\"async\" fetchpriority=\"high\" class='wp-image-4241 avia-img-lazy-loading-not-4241 avia_image ' src=\"https:\/\/www.staq.de\/wp-content\/uploads\/2024\/01\/GVP-Logo_Mitglied_RGB_weiss_klein-Kopie.png\" alt='' title='GVP-Logo_Mitglied_RGB_weiss_klein Kopie'  height=\"163\" width=\"110\"  itemprop=\"thumbnailUrl\"  \/><\/a><\/div><\/div><\/div><\/div>\n\n<style type=\"text\/css\" data-created_by=\"avia_inline_auto\" id=\"style-css-av-mgp7y-e6a3ad8b46de025a8d613e6af7b8e0f4\">\n.flex_column.av-mgp7y-e6a3ad8b46de025a8d613e6af7b8e0f4{\nborder-radius:0px 0px 0px 0px;\npadding:0px 0px 0px 0px;\n}\n<\/style>\n<div  class='flex_column av-mgp7y-e6a3ad8b46de025a8d613e6af7b8e0f4 av_one_third  avia-builder-el-26  el_after_av_one_third  avia-builder-el-last  flex_column_div av-zero-column-padding  '     ><style type=\"text\/css\" data-created_by=\"avia_inline_auto\" id=\"style-css-av-jxku1xpm-1-f3788d37c4fa781fdbe2abfd320c1fad\">\n.avia-image-container.av-jxku1xpm-1-f3788d37c4fa781fdbe2abfd320c1fad img.avia_image{\nbox-shadow:none;\n}\n.avia-image-container.av-jxku1xpm-1-f3788d37c4fa781fdbe2abfd320c1fad .av-image-caption-overlay-center{\ncolor:#ffffff;\n}\n<\/style>\n<div  class='avia-image-container av-jxku1xpm-1-f3788d37c4fa781fdbe2abfd320c1fad av-styling- av-hover-grow av-img-linked avia-align-center  avia-builder-el-27  avia-builder-el-no-sibling '   itemprop=\"image\" itemscope=\"itemscope\" itemtype=\"https:\/\/schema.org\/ImageObject\" ><div class=\"avia-image-container-inner\"><div class=\"avia-image-overlay-wrap\"><a href=\"http:\/\/www.uvhh.de\/\" class='avia_image '  target=\"_blank\"  rel=\"noopener noreferrer\" aria-label='uvhh'><img decoding=\"async\" fetchpriority=\"high\" class='wp-image-3489 avia-img-lazy-loading-not-3489 avia_image ' src=\"https:\/\/www.staq.de\/wp-content\/uploads\/2019\/07\/uvhh.jpg\" alt='' title='uvhh'  height=\"120\" width=\"200\"  itemprop=\"thumbnailUrl\"  \/><\/a><\/div><\/div><\/div><\/div>\n","protected":false},"excerpt":{"rendered":"<p>This is a Page excerpt. It will be displayed for search results<\/p>\n","protected":false},"author":1,"featured_media":0,"parent":0,"menu_order":0,"comment_status":"open","ping_status":"open","template":"","meta":{"footnotes":""},"class_list":["post-734","page","type-page","status-publish","hentry"],"_links":{"self":[{"href":"https:\/\/www.staq.de\/index.php\/wp-json\/wp\/v2\/pages\/734","targetHints":{"allow":["GET"]}}],"collection":[{"href":"https:\/\/www.staq.de\/index.php\/wp-json\/wp\/v2\/pages"}],"about":[{"href":"https:\/\/www.staq.de\/index.php\/wp-json\/wp\/v2\/types\/page"}],"author":[{"embeddable":true,"href":"https:\/\/www.staq.de\/index.php\/wp-json\/wp\/v2\/users\/1"}],"replies":[{"embeddable":true,"href":"https:\/\/www.staq.de\/index.php\/wp-json\/wp\/v2\/comments?post=734"}],"version-history":[{"count":20,"href":"https:\/\/www.staq.de\/index.php\/wp-json\/wp\/v2\/pages\/734\/revisions"}],"predecessor-version":[{"id":150400,"href":"https:\/\/www.staq.de\/index.php\/wp-json\/wp\/v2\/pages\/734\/revisions\/150400"}],"wp:attachment":[{"href":"https:\/\/www.staq.de\/index.php\/wp-json\/wp\/v2\/media?parent=734"}],"curies":[{"name":"wp","href":"https:\/\/api.w.org\/{rel}","templated":true}]}}